{"id":838,"date":"2024-12-11T14:09:59","date_gmt":"2024-12-11T13:09:59","guid":{"rendered":"https:\/\/atelier596.fr\/?page_id=838"},"modified":"2025-11-17T21:11:57","modified_gmt":"2025-11-17T20:11:57","slug":"qui-sommes-nous","status":"publish","type":"page","link":"https:\/\/atelier596.fr\/?page_id=838","title":{"rendered":"Qui sommes-nous"},"content":{"rendered":"\t\t<div data-elementor-type=\"wp-page\" data-elementor-id=\"838\" class=\"elementor elementor-838\">\n\t\t\t\t\t\t<section class=\"elementor-section elementor-top-section elementor-element elementor-element-27b31ecc elementor-section-height-min-height elementor-section-stretched elementor-section-boxed elementor-section-height-default elementor-section-items-middle wpr-particle-no wpr-jarallax-no wpr-parallax-no\" data-id=\"27b31ecc\" data-element_type=\"section\" data-settings=\"{&quot;background_background&quot;:&quot;classic&quot;,&quot;stretch_section&quot;:&quot;section-stretched&quot;}\">\n\t\t\t\t\t\t\t<div class=\"elementor-background-overlay\"><\/div>\n\t\t\t\t\t\t\t<div class=\"elementor-container elementor-column-gap-default\">\n\t\t\t\t\t<div class=\"elementor-column elementor-col-100 elementor-top-column elementor-element elementor-element-4e57be78\" data-id=\"4e57be78\" data-element_type=\"column\">\n\t\t\t<div class=\"elementor-widget-wrap elementor-element-populated\">\n\t\t\t\t\t\t<div class=\"elementor-element elementor-element-5054b86a elementor-widget elementor-widget-heading\" data-id=\"5054b86a\" data-element_type=\"widget\" data-widget_type=\"heading.default\">\n\t\t\t\t<div class=\"elementor-widget-container\">\n\t\t\t\t\t<h1 class=\"elementor-heading-title elementor-size-default\">Atelier Freelance de communication<\/h1>\t\t\t\t<\/div>\n\t\t\t\t<\/div>\n\t\t\t\t<div class=\"elementor-element elementor-element-68980fe9 wpr-advanced-text-style-animated wpr-fancy-text-typing wpr-animated-text-infinite-yes elementor-widget elementor-widget-wpr-advanced-text\" data-id=\"68980fe9\" data-element_type=\"widget\" data-settings=\"{&quot;anim_loop&quot;:&quot;yes&quot;}\" data-widget_type=\"wpr-advanced-text.default\">\n\t\t\t\t<div class=\"elementor-widget-container\">\n\t\t\t\t\t\n\t\t<h3 class=\"wpr-advanced-text\">\n\n\t\t\t\t\t\n\t\t\t\t\t\t\t<span class=\"wpr-advanced-text-preffix\">ATELIER 596<br><\/span>\n\t\t\t\n\t\t<span class=\"wpr-anim-text wpr-anim-text-type-typing wpr-anim-text-letters\" data-anim-duration=\"200,2000\" data-anim-loop=\"yes\">\n\t\t\t<span class=\"wpr-anim-text-inner\">\n\t\t\t\t\t\t\t\t\t<b>chaque id\u00e9e prend vie ...<\/b>\n\t\t\t\t\t\t\t<\/span>\n\t\t\t<span class=\"wpr-anim-text-cursor\">|<\/span>\t\t<\/span>\n\n\t\t\t\t\n\t\t<\/h3>\n\t\t\n\t\t\t\t\t\t<\/div>\n\t\t\t\t<\/div>\n\t\t\t\t<div class=\"elementor-element elementor-element-120fe44f elementor-widget elementor-widget-text-editor\" data-id=\"120fe44f\" data-element_type=\"widget\" data-widget_type=\"text-editor.default\">\n\t\t\t\t<div class=\"elementor-widget-container\">\n\t\t\t\t\t\t\t\t\t<p>Atelier Communication<br \/>Branding \u2022 Web Design \u2022 Cr\u00e9ations sur-mesure<\/p>\t\t\t\t\t\t\t\t<\/div>\n\t\t\t\t<\/div>\n\t\t\t\t\t<\/div>\n\t\t<\/div>\n\t\t\t\t\t<\/div>\n\t\t<\/section>\n\t\t\t\t<section class=\"elementor-section elementor-top-section elementor-element elementor-element-e6f5aa5 elementor-section-boxed elementor-section-height-default elementor-section-height-default wpr-particle-no wpr-jarallax-no wpr-parallax-no wpr-sticky-section-no\" data-id=\"e6f5aa5\" data-element_type=\"section\">\n\t\t\t\t\t\t<div class=\"elementor-container elementor-column-gap-default\">\n\t\t\t\t\t<div class=\"elementor-column elementor-col-100 elementor-top-column elementor-element elementor-element-9fcf20b\" data-id=\"9fcf20b\" data-element_type=\"column\">\n\t\t\t<div class=\"elementor-widget-wrap elementor-element-populated\">\n\t\t\t\t\t\t<div class=\"elementor-element elementor-element-a86d7a1 elementor-widget elementor-widget-heading\" data-id=\"a86d7a1\" data-element_type=\"widget\" data-widget_type=\"heading.default\">\n\t\t\t\t<div class=\"elementor-widget-container\">\n\t\t\t\t\t<h2 class=\"elementor-heading-title elementor-size-default\">Apprendre \u00e0 nous connaitre<\/h2>\t\t\t\t<\/div>\n\t\t\t\t<\/div>\n\t\t\t\t<div class=\"elementor-element elementor-element-099d6be elementor-widget elementor-widget-text-editor\" data-id=\"099d6be\" data-element_type=\"widget\" data-widget_type=\"text-editor.default\">\n\t\t\t\t<div class=\"elementor-widget-container\">\n\t\t\t\t\t\t\t\t\t<p>L&rsquo;Atelier596, o\u00f9 chaque id\u00e9e prend vie<\/p>\t\t\t\t\t\t\t\t<\/div>\n\t\t\t\t<\/div>\n\t\t\t\t<div class=\"elementor-element elementor-element-107fea0 elementor-widget elementor-widget-text-editor\" data-id=\"107fea0\" data-element_type=\"widget\" data-widget_type=\"text-editor.default\">\n\t\t\t\t<div class=\"elementor-widget-container\">\n\t\t\t\t\t\t\t\t\t<p><strong>L&rsquo;histoire<\/strong><\/p>\t\t\t\t\t\t\t\t<\/div>\n\t\t\t\t<\/div>\n\t\t\t\t<div class=\"elementor-element elementor-element-0239457 elementor-widget elementor-widget-text-editor\" data-id=\"0239457\" data-element_type=\"widget\" data-widget_type=\"text-editor.default\">\n\t\t\t\t<div class=\"elementor-widget-container\">\n\t\t\t\t\t\t\t\t\t<p><strong>Patience, on construit quelque chose d&rsquo;incroyable !<\/strong><br \/>Tout comme Rome, notre site ne se fait pas en un jour\u2026 Mais promis, \u00e7a vaut le coup d\u2019attendre ! En attendant, pr\u00e9parez-vous \u00e0 d\u00e9couvrir bient\u00f4t un univers o\u00f9 chaque id\u00e9e prend vie. \u00c0 tr\u00e8s vite !<\/p>\t\t\t\t\t\t\t\t<\/div>\n\t\t\t\t<\/div>\n\t\t\t\t<div class=\"elementor-element elementor-element-cee1a41 elementor-widget-divider--view-line elementor-widget elementor-widget-divider\" data-id=\"cee1a41\" data-element_type=\"widget\" data-widget_type=\"divider.default\">\n\t\t\t\t<div class=\"elementor-widget-container\">\n\t\t\t\t\t\t\t<div class=\"elementor-divider\">\n\t\t\t<span class=\"elementor-divider-separator\">\n\t\t\t\t\t\t<\/span>\n\t\t<\/div>\n\t\t\t\t\t\t<\/div>\n\t\t\t\t<\/div>\n\t\t\t\t<section class=\"elementor-section elementor-inner-section elementor-element elementor-element-353256e elementor-section-boxed elementor-section-height-default elementor-section-height-default wpr-particle-no wpr-jarallax-no wpr-parallax-no wpr-sticky-section-no\" data-id=\"353256e\" data-element_type=\"section\">\n\t\t\t\t\t\t<div class=\"elementor-container elementor-column-gap-default\">\n\t\t\t\t\t<div class=\"elementor-column elementor-col-50 elementor-inner-column elementor-element elementor-element-2994c32\" data-id=\"2994c32\" data-element_type=\"column\">\n\t\t\t<div class=\"elementor-widget-wrap elementor-element-populated\">\n\t\t\t\t\t\t<div class=\"elementor-element elementor-element-54aec28 wpr-promo-box-style-cover elementor-widget elementor-widget-wpr-promo-box\" data-id=\"54aec28\" data-element_type=\"widget\" data-widget_type=\"wpr-promo-box.default\">\n\t\t\t\t<div class=\"elementor-widget-container\">\n\t\t\t\t\t\n\t\t<div class=\"wpr-promo-box wpr-animation-wrap\">\n\n\t\t\t\t\t\t<a class=\"wpr-promo-box-link\" href=\"#\"><\/a>\t\n\t\t\t\t\t\t\t\n\t\t\t\t\t\t\t<div class=\"wpr-promo-box-image\">\n\t\t\t\t\t<div class=\"wpr-promo-box-bg-image wpr-bg-anim-zoom-in wpr-anim-timing-ease-default\" style=\"background-image:url(https:\/\/atelier596.fr\/wp-content\/uploads\/2024\/12\/agence.jpg);\"><\/div>\n\t\t\t\t\t<div class=\"wpr-promo-box-bg-overlay wpr-border-anim-jazz\"><\/div>\n\t\t\t\t<\/div>\n\t\t\t\t\t\t\n\t\t\t<div class=\"wpr-promo-box-content\">\n\n\t\t\t\t\t\t\t\t<div class=\"wpr-promo-box-icon\">\n\t\t\t\t\t\t\t\t\t<\/div>\n\t\t\t\t\n\t\t\t\t<h3 class=\"wpr-promo-box-title\"><span>L'atelier<\/span><\/h3>\n\t\t\t\t\t\t\t\t\t<div class=\"wpr-promo-box-description\">\n\t\t\t\t\t\t<p><p>La naissance de ce joli projet<\/p><\/p>\t\n\t\t\t\t\t<\/div>\t\t\t\t\t\t\n\t\t\t\t\n\t\t\t\t\t\t\t<\/div>\n\n\t\t\t\t\t<\/div>\n\n\t\t\t\t\t\t<\/div>\n\t\t\t\t<\/div>\n\t\t\t\t\t<\/div>\n\t\t<\/div>\n\t\t\t\t<div class=\"elementor-column elementor-col-50 elementor-inner-column elementor-element elementor-element-1c613f4\" data-id=\"1c613f4\" data-element_type=\"column\">\n\t\t\t<div class=\"elementor-widget-wrap elementor-element-populated\">\n\t\t\t\t\t\t<div class=\"elementor-element elementor-element-1f57c21 wpr-promo-box-style-cover elementor-widget elementor-widget-wpr-promo-box\" data-id=\"1f57c21\" data-element_type=\"widget\" data-widget_type=\"wpr-promo-box.default\">\n\t\t\t\t<div class=\"elementor-widget-container\">\n\t\t\t\t\t\n\t\t<div class=\"wpr-promo-box wpr-animation-wrap\">\n\n\t\t\t\t\t\t<a class=\"wpr-promo-box-link\" href=\"#\"><\/a>\t\n\t\t\t\t\t\t\t\n\t\t\t\t\t\t\t<div class=\"wpr-promo-box-image\">\n\t\t\t\t\t<div class=\"wpr-promo-box-bg-image wpr-bg-anim-zoom-in wpr-anim-timing-ease-default\" style=\"background-image:url(https:\/\/atelier596.fr\/wp-content\/uploads\/2024\/12\/2-1-e1734551614944.jpg);\"><\/div>\n\t\t\t\t\t<div class=\"wpr-promo-box-bg-overlay wpr-border-anim-jazz\"><\/div>\n\t\t\t\t<\/div>\n\t\t\t\t\t\t\n\t\t\t<div class=\"wpr-promo-box-content\">\n\n\t\t\t\t\t\t\t\t<div class=\"wpr-promo-box-icon\">\n\t\t\t\t\t\t\t\t\t<\/div>\n\t\t\t\t\n\t\t\t\t<h3 class=\"wpr-promo-box-title\"><span>Clin d'\u0153il sur<\/span><\/h3>\n\t\t\t\t\t\t\t\t\t<div class=\"wpr-promo-box-description\">\n\t\t\t\t\t\t<p><p>Faisons connaissance<\/p><\/p>\t\n\t\t\t\t\t<\/div>\t\t\t\t\t\t\n\t\t\t\t\n\t\t\t\t\t\t\t<\/div>\n\n\t\t\t\t\t<\/div>\n\n\t\t\t\t\t\t<\/div>\n\t\t\t\t<\/div>\n\t\t\t\t\t<\/div>\n\t\t<\/div>\n\t\t\t\t\t<\/div>\n\t\t<\/section>\n\t\t\t\t\t<\/div>\n\t\t<\/div>\n\t\t\t\t\t<\/div>\n\t\t<\/section>\n\t\t\t\t<section class=\"elementor-section elementor-top-section elementor-element elementor-element-1aeeff7 elementor-section-boxed elementor-section-height-default elementor-section-height-default wpr-particle-no wpr-jarallax-no wpr-parallax-no wpr-sticky-section-no\" data-id=\"1aeeff7\" data-element_type=\"section\">\n\t\t\t\t\t\t<div class=\"elementor-container elementor-column-gap-default\">\n\t\t\t\t\t<div class=\"elementor-column elementor-col-50 elementor-top-column elementor-element elementor-element-24bc582\" data-id=\"24bc582\" data-element_type=\"column\">\n\t\t\t<div class=\"elementor-widget-wrap\">\n\t\t\t\t\t\t\t<\/div>\n\t\t<\/div>\n\t\t\t\t<div class=\"elementor-column elementor-col-50 elementor-top-column elementor-element elementor-element-f70375b\" data-id=\"f70375b\" data-element_type=\"column\">\n\t\t\t<div class=\"elementor-widget-wrap elementor-element-populated\">\n\t\t\t\t\t\t<div class=\"elementor-element elementor-element-de997c1 elementor-widget elementor-widget-heading\" data-id=\"de997c1\" data-element_type=\"widget\" data-widget_type=\"heading.default\">\n\t\t\t\t<div class=\"elementor-widget-container\">\n\t\t\t\t\t<h2 class=\"elementor-heading-title elementor-size-default\">Contactez nous !<\/h2>\t\t\t\t<\/div>\n\t\t\t\t<\/div>\n\t\t\t\t<div class=\"elementor-element elementor-element-2b57c27 elementor-widget-divider--view-line elementor-widget elementor-widget-divider\" data-id=\"2b57c27\" data-element_type=\"widget\" data-widget_type=\"divider.default\">\n\t\t\t\t<div class=\"elementor-widget-container\">\n\t\t\t\t\t\t\t<div class=\"elementor-divider\">\n\t\t\t<span class=\"elementor-divider-separator\">\n\t\t\t\t\t\t<\/span>\n\t\t<\/div>\n\t\t\t\t\t\t<\/div>\n\t\t\t\t<\/div>\n\t\t\t\t<div class=\"elementor-element elementor-element-57b4c1f elementor-widget elementor-widget-text-editor\" data-id=\"57b4c1f\" data-element_type=\"widget\" data-widget_type=\"text-editor.default\">\n\t\t\t\t<div class=\"elementor-widget-container\">\n\t\t\t\t\t\t\t\t\t<p>D\u00e9couvrez l\u2019univers d\u2019Atelier 596 au coeur du tarn et de l&rsquo;Occitanie : cr\u00e9ation graphique, design web et projets sur-mesure. <br \/><strong>Contactez-nous<\/strong> pour collaborer et donner vie \u00e0 vos id\u00e9es avec cr\u00e9ativit\u00e9 et style.<\/p>\t\t\t\t\t\t\t\t<\/div>\n\t\t\t\t<\/div>\n\t\t\t\t<section class=\"elementor-section elementor-inner-section elementor-element elementor-element-17821ad elementor-section-boxed elementor-section-height-default elementor-section-height-default wpr-particle-no wpr-jarallax-no wpr-parallax-no wpr-sticky-section-no\" data-id=\"17821ad\" data-element_type=\"section\">\n\t\t\t\t\t\t<div class=\"elementor-container elementor-column-gap-default\">\n\t\t\t\t\t<div class=\"elementor-column elementor-col-50 elementor-inner-column elementor-element elementor-element-ea1d56e\" data-id=\"ea1d56e\" data-element_type=\"column\">\n\t\t\t<div class=\"elementor-widget-wrap elementor-element-populated\">\n\t\t\t\t\t\t<div class=\"elementor-element elementor-element-6173c0c elementor-widget elementor-widget-heading\" data-id=\"6173c0c\" data-element_type=\"widget\" data-widget_type=\"heading.default\">\n\t\t\t\t<div class=\"elementor-widget-container\">\n\t\t\t\t\t<h2 class=\"elementor-heading-title elementor-size-default\"><a href=\"http:\/\/mailtosophie.atelier596@gmail.com\">Mail <\/a><\/h2>\t\t\t\t<\/div>\n\t\t\t\t<\/div>\n\t\t\t\t<div class=\"elementor-element elementor-element-ef72bf5 elementor-widget elementor-widget-text-editor\" data-id=\"ef72bf5\" data-element_type=\"widget\" data-widget_type=\"text-editor.default\">\n\t\t\t\t<div class=\"elementor-widget-container\">\n\t\t\t\t\t\t\t\t\t<p>sophie@atelier596.fr<\/p>\t\t\t\t\t\t\t\t<\/div>\n\t\t\t\t<\/div>\n\t\t\t\t\t<\/div>\n\t\t<\/div>\n\t\t\t\t<div class=\"elementor-column elementor-col-50 elementor-inner-column elementor-element elementor-element-2fe6681\" data-id=\"2fe6681\" data-element_type=\"column\">\n\t\t\t<div class=\"elementor-widget-wrap elementor-element-populated\">\n\t\t\t\t\t\t<div class=\"elementor-element elementor-element-2a7de0f elementor-widget elementor-widget-heading\" data-id=\"2a7de0f\" data-element_type=\"widget\" data-widget_type=\"heading.default\">\n\t\t\t\t<div class=\"elementor-widget-container\">\n\t\t\t\t\t<h2 class=\"elementor-heading-title elementor-size-default\"><a href=\"https:\/\/www.instagram.com\/atelier__596\">Insta<\/a><\/h2>\t\t\t\t<\/div>\n\t\t\t\t<\/div>\n\t\t\t\t<div class=\"elementor-element elementor-element-c3e3b53 elementor-widget elementor-widget-text-editor\" data-id=\"c3e3b53\" data-element_type=\"widget\" data-widget_type=\"text-editor.default\">\n\t\t\t\t<div class=\"elementor-widget-container\">\n\t\t\t\t\t\t\t\t\t<p>atelier__596<\/p>\t\t\t\t\t\t\t\t<\/div>\n\t\t\t\t<\/div>\n\t\t\t\t\t<\/div>\n\t\t<\/div>\n\t\t\t\t\t<\/div>\n\t\t<\/section>\n\t\t\t\t\t<\/div>\n\t\t<\/div>\n\t\t\t\t\t<\/div>\n\t\t<\/section>\n\t\t\t\t<section class=\"elementor-section elementor-top-section elementor-element elementor-element-799dca4 elementor-section-boxed elementor-section-height-default elementor-section-height-default wpr-particle-no wpr-jarallax-no wpr-parallax-no wpr-sticky-section-no\" data-id=\"799dca4\" data-element_type=\"section\">\n\t\t\t\t\t\t<div class=\"elementor-container elementor-column-gap-default\">\n\t\t\t\t\t<div class=\"elementor-column elementor-col-100 elementor-top-column elementor-element elementor-element-30585be\" data-id=\"30585be\" data-element_type=\"column\">\n\t\t\t<div class=\"elementor-widget-wrap elementor-element-populated\">\n\t\t\t\t\t\t<div class=\"elementor-element elementor-element-5bcdd35 elementor-widget-divider--view-line elementor-widget elementor-widget-divider\" data-id=\"5bcdd35\" data-element_type=\"widget\" data-widget_type=\"divider.default\">\n\t\t\t\t<div class=\"elementor-widget-container\">\n\t\t\t\t\t\t\t<div class=\"elementor-divider\">\n\t\t\t<span class=\"elementor-divider-separator\">\n\t\t\t\t\t\t<\/span>\n\t\t<\/div>\n\t\t\t\t\t\t<\/div>\n\t\t\t\t<\/div>\n\t\t\t\t\t<\/div>\n\t\t<\/div>\n\t\t\t\t\t<\/div>\n\t\t<\/section>\n\t\t<div class=\"elementor-element elementor-element-565d55ad e-con-full e-flex wpr-particle-no wpr-jarallax-no wpr-parallax-no wpr-sticky-section-no e-con e-parent\" data-id=\"565d55ad\" data-element_type=\"container\" data-settings=\"{&quot;background_background&quot;:&quot;classic&quot;}\">\n\t\t\t\t<div class=\"elementor-element elementor-element-75a745ae elementor-widget elementor-widget-heading\" data-id=\"75a745ae\" data-element_type=\"widget\" data-widget_type=\"heading.default\">\n\t\t\t\t<div class=\"elementor-widget-container\">\n\t\t\t\t\t<p class=\"elementor-heading-title elementor-size-default\">\u2022 \u00a9 2024 All Rights Reserved \u2022 Atelier 596 \u2022<\/p>\t\t\t\t<\/div>\n\t\t\t\t<\/div>\n\t\t\t\t<div class=\"elementor-element elementor-element-311a2d6d elementor-widget elementor-widget-heading\" data-id=\"311a2d6d\" data-element_type=\"widget\" data-widget_type=\"heading.default\">\n\t\t\t\t<div class=\"elementor-widget-container\">\n\t\t\t\t\t<p class=\"elementor-heading-title elementor-size-default\"><a href=\"https:\/\/atelier596.fr\/?page_id=822\">Aspects l\u00e9gaux & Politique de confidentialit\u00e9<\/a><\/p>\t\t\t\t<\/div>\n\t\t\t\t<\/div>\n\t\t\t\t<\/div>\n\t\t\t\t<\/div>\n\t\t","protected":false},"excerpt":{"rendered":"<p>Atelier Freelance de communication ATELIER 596 chaque id\u00e9e prend vie &#8230; | Atelier CommunicationBranding \u2022 Web Design \u2022 Cr\u00e9ations sur-mesure Apprendre \u00e0 nous connaitre L&rsquo;Atelier596, o\u00f9 chaque id\u00e9e prend vie L&rsquo;histoire Patience, on construit quelque chose d&rsquo;incroyable !Tout comme Rome, notre site ne se fait pas en un jour\u2026 Mais promis, \u00e7a vaut le coup d\u2019attendre ! En attendant, pr\u00e9parez-vous \u00e0 d\u00e9couvrir bient\u00f4t un univers o\u00f9 chaque id\u00e9e prend vie. \u00c0 tr\u00e8s vite ! L&rsquo;atelier La naissance de ce joli projet Clin d&rsquo;\u0153il sur Faisons connaissance Contactez nous ! D\u00e9couvrez l\u2019univers d\u2019Atelier 596 au coeur du tarn et de l&rsquo;Occitanie : cr\u00e9ation graphique, design web et projets sur-mesure. Contactez-nous pour collaborer et donner vie \u00e0 vos id\u00e9es avec cr\u00e9ativit\u00e9 et style. Mail sophie@atelier596.fr Insta atelier__596 \u2022 \u00a9 2024 All Rights Reserved \u2022 Atelier 596 \u2022 Aspects l\u00e9gaux &#038; Politique de confidentialit\u00e9<\/p>\n","protected":false},"author":1,"featured_media":0,"parent":0,"menu_order":0,"comment_status":"closed","ping_status":"closed","template":"","meta":{"footnotes":""},"class_list":["post-838","page","type-page","status-publish","hentry"],"yoast_head":"<!-- This site is optimized with the Yoast SEO plugin v25.1 - https:\/\/yoast.com\/wordpress\/plugins\/seo\/ -->\n<title>Qui sommes-nous - Atelier 596<\/title>\n<meta name=\"robots\" content=\"index, follow, max-snippet:-1, max-image-preview:large, max-video-preview:-1\" \/>\n<link rel=\"canonical\" href=\"https:\/\/atelier596.fr\/?page_id=838\" \/>\n<meta property=\"og:locale\" content=\"fr_FR\" \/>\n<meta property=\"og:type\" content=\"article\" \/>\n<meta property=\"og:title\" content=\"Qui sommes-nous - Atelier 596\" \/>\n<meta property=\"og:description\" content=\"Atelier Freelance de communication ATELIER 596 chaque id\u00e9e prend vie &#8230; | Atelier CommunicationBranding \u2022 Web Design \u2022 Cr\u00e9ations sur-mesure Apprendre \u00e0 nous connaitre L&rsquo;Atelier596, o\u00f9 chaque id\u00e9e prend vie L&rsquo;histoire Patience, on construit quelque chose d&rsquo;incroyable !Tout comme Rome, notre site ne se fait pas en un jour\u2026 Mais promis, \u00e7a vaut le coup d\u2019attendre ! En attendant, pr\u00e9parez-vous \u00e0 d\u00e9couvrir bient\u00f4t un univers o\u00f9 chaque id\u00e9e prend vie. \u00c0 tr\u00e8s vite ! L&rsquo;atelier La naissance de ce joli projet Clin d&rsquo;\u0153il sur Faisons connaissance Contactez nous ! D\u00e9couvrez l\u2019univers d\u2019Atelier 596 au coeur du tarn et de l&rsquo;Occitanie : cr\u00e9ation graphique, design web et projets sur-mesure. Contactez-nous pour collaborer et donner vie \u00e0 vos id\u00e9es avec cr\u00e9ativit\u00e9 et style. Mail sophie@atelier596.fr Insta atelier__596 \u2022 \u00a9 2024 All Rights Reserved \u2022 Atelier 596 \u2022 Aspects l\u00e9gaux &#038; Politique de confidentialit\u00e9\" \/>\n<meta property=\"og:url\" content=\"https:\/\/atelier596.fr\/?page_id=838\" \/>\n<meta property=\"og:site_name\" content=\"Atelier 596\" \/>\n<meta property=\"article:modified_time\" content=\"2025-11-17T20:11:57+00:00\" \/>\n<meta name=\"twitter:card\" content=\"summary_large_image\" \/>\n<meta name=\"twitter:label1\" content=\"Dur\u00e9e de lecture estim\u00e9e\" \/>\n\t<meta name=\"twitter:data1\" content=\"1 minute\" \/>\n<script type=\"application\/ld+json\" class=\"yoast-schema-graph\">{\"@context\":\"https:\/\/schema.org\",\"@graph\":[{\"@type\":\"WebPage\",\"@id\":\"https:\/\/atelier596.fr\/?page_id=838\",\"url\":\"https:\/\/atelier596.fr\/?page_id=838\",\"name\":\"Qui sommes-nous - Atelier 596\",\"isPartOf\":{\"@id\":\"https:\/\/atelier596.fr\/#website\"},\"datePublished\":\"2024-12-11T13:09:59+00:00\",\"dateModified\":\"2025-11-17T20:11:57+00:00\",\"breadcrumb\":{\"@id\":\"https:\/\/atelier596.fr\/?page_id=838#breadcrumb\"},\"inLanguage\":\"fr-FR\",\"potentialAction\":[{\"@type\":\"ReadAction\",\"target\":[\"https:\/\/atelier596.fr\/?page_id=838\"]}]},{\"@type\":\"BreadcrumbList\",\"@id\":\"https:\/\/atelier596.fr\/?page_id=838#breadcrumb\",\"itemListElement\":[{\"@type\":\"ListItem\",\"position\":1,\"name\":\"Accueil\",\"item\":\"https:\/\/atelier596.fr\/\"},{\"@type\":\"ListItem\",\"position\":2,\"name\":\"Qui sommes-nous\"}]},{\"@type\":\"WebSite\",\"@id\":\"https:\/\/atelier596.fr\/#website\",\"url\":\"https:\/\/atelier596.fr\/\",\"name\":\"Atelier 596\",\"description\":\"Agence de communication\",\"publisher\":{\"@id\":\"https:\/\/atelier596.fr\/#organization\"},\"potentialAction\":[{\"@type\":\"SearchAction\",\"target\":{\"@type\":\"EntryPoint\",\"urlTemplate\":\"https:\/\/atelier596.fr\/?s={search_term_string}\"},\"query-input\":{\"@type\":\"PropertyValueSpecification\",\"valueRequired\":true,\"valueName\":\"search_term_string\"}}],\"inLanguage\":\"fr-FR\"},{\"@type\":\"Organization\",\"@id\":\"https:\/\/atelier596.fr\/#organization\",\"name\":\"Atelier 596\",\"url\":\"https:\/\/atelier596.fr\/\",\"logo\":{\"@type\":\"ImageObject\",\"inLanguage\":\"fr-FR\",\"@id\":\"https:\/\/atelier596.fr\/#\/schema\/logo\/image\/\",\"url\":\"https:\/\/atelier596.fr\/wp-content\/uploads\/2024\/11\/6.png\",\"contentUrl\":\"https:\/\/atelier596.fr\/wp-content\/uploads\/2024\/11\/6.png\",\"width\":3375,\"height\":3375,\"caption\":\"Atelier 596\"},\"image\":{\"@id\":\"https:\/\/atelier596.fr\/#\/schema\/logo\/image\/\"}}]}<\/script>\n<!-- \/ Yoast SEO plugin. -->","yoast_head_json":{"title":"Qui sommes-nous - Atelier 596","robots":{"index":"index","follow":"follow","max-snippet":"max-snippet:-1","max-image-preview":"max-image-preview:large","max-video-preview":"max-video-preview:-1"},"canonical":"https:\/\/atelier596.fr\/?page_id=838","og_locale":"fr_FR","og_type":"article","og_title":"Qui sommes-nous - Atelier 596","og_description":"Atelier Freelance de communication ATELIER 596 chaque id\u00e9e prend vie &#8230; | Atelier CommunicationBranding \u2022 Web Design \u2022 Cr\u00e9ations sur-mesure Apprendre \u00e0 nous connaitre L&rsquo;Atelier596, o\u00f9 chaque id\u00e9e prend vie L&rsquo;histoire Patience, on construit quelque chose d&rsquo;incroyable !Tout comme Rome, notre site ne se fait pas en un jour\u2026 Mais promis, \u00e7a vaut le coup d\u2019attendre ! En attendant, pr\u00e9parez-vous \u00e0 d\u00e9couvrir bient\u00f4t un univers o\u00f9 chaque id\u00e9e prend vie. \u00c0 tr\u00e8s vite ! L&rsquo;atelier La naissance de ce joli projet Clin d&rsquo;\u0153il sur Faisons connaissance Contactez nous ! D\u00e9couvrez l\u2019univers d\u2019Atelier 596 au coeur du tarn et de l&rsquo;Occitanie : cr\u00e9ation graphique, design web et projets sur-mesure. Contactez-nous pour collaborer et donner vie \u00e0 vos id\u00e9es avec cr\u00e9ativit\u00e9 et style. Mail sophie@atelier596.fr Insta atelier__596 \u2022 \u00a9 2024 All Rights Reserved \u2022 Atelier 596 \u2022 Aspects l\u00e9gaux &#038; Politique de confidentialit\u00e9","og_url":"https:\/\/atelier596.fr\/?page_id=838","og_site_name":"Atelier 596","article_modified_time":"2025-11-17T20:11:57+00:00","twitter_card":"summary_large_image","twitter_misc":{"Dur\u00e9e de lecture estim\u00e9e":"1 minute"},"schema":{"@context":"https:\/\/schema.org","@graph":[{"@type":"WebPage","@id":"https:\/\/atelier596.fr\/?page_id=838","url":"https:\/\/atelier596.fr\/?page_id=838","name":"Qui sommes-nous - Atelier 596","isPartOf":{"@id":"https:\/\/atelier596.fr\/#website"},"datePublished":"2024-12-11T13:09:59+00:00","dateModified":"2025-11-17T20:11:57+00:00","breadcrumb":{"@id":"https:\/\/atelier596.fr\/?page_id=838#breadcrumb"},"inLanguage":"fr-FR","potentialAction":[{"@type":"ReadAction","target":["https:\/\/atelier596.fr\/?page_id=838"]}]},{"@type":"BreadcrumbList","@id":"https:\/\/atelier596.fr\/?page_id=838#breadcrumb","itemListElement":[{"@type":"ListItem","position":1,"name":"Accueil","item":"https:\/\/atelier596.fr\/"},{"@type":"ListItem","position":2,"name":"Qui sommes-nous"}]},{"@type":"WebSite","@id":"https:\/\/atelier596.fr\/#website","url":"https:\/\/atelier596.fr\/","name":"Atelier 596","description":"Agence de communication","publisher":{"@id":"https:\/\/atelier596.fr\/#organization"},"potentialAction":[{"@type":"SearchAction","target":{"@type":"EntryPoint","urlTemplate":"https:\/\/atelier596.fr\/?s={search_term_string}"},"query-input":{"@type":"PropertyValueSpecification","valueRequired":true,"valueName":"search_term_string"}}],"inLanguage":"fr-FR"},{"@type":"Organization","@id":"https:\/\/atelier596.fr\/#organization","name":"Atelier 596","url":"https:\/\/atelier596.fr\/","logo":{"@type":"ImageObject","inLanguage":"fr-FR","@id":"https:\/\/atelier596.fr\/#\/schema\/logo\/image\/","url":"https:\/\/atelier596.fr\/wp-content\/uploads\/2024\/11\/6.png","contentUrl":"https:\/\/atelier596.fr\/wp-content\/uploads\/2024\/11\/6.png","width":3375,"height":3375,"caption":"Atelier 596"},"image":{"@id":"https:\/\/atelier596.fr\/#\/schema\/logo\/image\/"}}]}},"_links":{"self":[{"href":"https:\/\/atelier596.fr\/index.php?rest_route=\/wp\/v2\/pages\/838","targetHints":{"allow":["GET"]}}],"collection":[{"href":"https:\/\/atelier596.fr\/index.php?rest_route=\/wp\/v2\/pages"}],"about":[{"href":"https:\/\/atelier596.fr\/index.php?rest_route=\/wp\/v2\/types\/page"}],"author":[{"embeddable":true,"href":"https:\/\/atelier596.fr\/index.php?rest_route=\/wp\/v2\/users\/1"}],"replies":[{"embeddable":true,"href":"https:\/\/atelier596.fr\/index.php?rest_route=%2Fwp%2Fv2%2Fcomments&post=838"}],"version-history":[{"count":35,"href":"https:\/\/atelier596.fr\/index.php?rest_route=\/wp\/v2\/pages\/838\/revisions"}],"predecessor-version":[{"id":972,"href":"https:\/\/atelier596.fr\/index.php?rest_route=\/wp\/v2\/pages\/838\/revisions\/972"}],"wp:attachment":[{"href":"https:\/\/atelier596.fr\/index.php?rest_route=%2Fwp%2Fv2%2Fmedia&parent=838"}],"curies":[{"name":"wp","href":"https:\/\/api.w.org\/{rel}","templated":true}]}}